{"id":8558,"date":"2025-12-08T11:19:19","date_gmt":"2025-12-08T10:19:19","guid":{"rendered":"https:\/\/adria-muenchen.de\/carriere\/"},"modified":"2026-02-19T15:28:22","modified_gmt":"2026-02-19T14:28:22","slug":"carriere","status":"publish","type":"page","link":"https:\/\/adria-muenchen.de\/fr\/carriere\/","title":{"rendered":"Carri\u00e8re"},"content":{"rendered":"<p><div class=\"fusion-fullwidth fullwidth-box fusion-builder-row-1 fusion-flex-container has-pattern-background has-mask-background nonhundred-percent-fullwidth non-hundred-percent-height-scrolling\" style=\"--awb-border-radius-top-left:0px;--awb-border-radius-top-right:0px;--awb-border-radius-bottom-right:0px;--awb-border-radius-bottom-left:0px;--awb-padding-top:60px;--awb-padding-bottom:40px;--awb-background-color:var(--awb-color1);--awb-flex-wrap:wrap;\" ><div class=\"fusion-builder-row fusion-row fusion-flex-align-items-flex-start fusion-flex-justify-content-center fusion-flex-content-wrap\" style=\"max-width:1216.8px;margin-left: calc(-4% \/ 2 );margin-right: calc(-4% \/ 2 );\"><div class=\"fusion-layout-column fusion_builder_column fusion-builder-column-0 fusion_builder_column_4_5 4_5 fusion-flex-column\" style=\"--awb-bg-size:cover;--awb-width-large:80%;--awb-margin-top-large:0px;--awb-spacing-right-large:2.4%;--awb-margin-bottom-large:0px;--awb-spacing-left-large:2.4%;--awb-width-medium:100%;--awb-order-medium:0;--awb-spacing-right-medium:1.92%;--awb-margin-bottom-medium:0px;--awb-spacing-left-medium:1.92%;--awb-width-small:100%;--awb-order-small:0;--awb-spacing-right-small:1.92%;--awb-spacing-left-small:1.92%;\"><div class=\"fusion-column-wrapper fusion-column-has-shadow fusion-flex-justify-content-flex-start fusion-content-layout-column\"><div class=\"fusion-title title fusion-title-1 fusion-title-text fusion-title-size-two\" style=\"--awb-margin-top-small:0px;--awb-margin-right-small:0px;--awb-margin-bottom-small:20px;--awb-margin-left-small:0px;\"><div class=\"title-sep-container title-sep-container-left fusion-no-large-visibility fusion-no-medium-visibility fusion-no-small-visibility\"><div class=\"title-sep sep- sep-solid\" style=\"border-color:var(--awb-color3);\"><\/div><\/div><span class=\"awb-title-spacer fusion-no-large-visibility fusion-no-medium-visibility fusion-no-small-visibility\"><\/span><h2 class=\"fusion-title-heading title-heading-left fusion-responsive-typography-calculated\" style=\"margin:0;--fontSize:30;line-height:1.2;\"><p style=\"text-align: left;\">Rejoignez notre \u00e9quipe \u00e0 l&rsquo;Hotel ADRIA M\u00fcnchen !<\/p><\/h2><span class=\"awb-title-spacer\"><\/span><div class=\"title-sep-container title-sep-container-right\"><div class=\"title-sep sep- sep-solid\" style=\"border-color:var(--awb-color3);\"><\/div><\/div><\/div><div class=\"fusion-text fusion-text-1\" style=\"--awb-content-alignment:left;\"><p>Notre h\u00f4tel traditionnel de la vieille ville, situ\u00e9 au c\u0153ur de Munich-Lehel, accueille depuis plus de 50 ans des clients du monde entier avec chaleur, style et une v\u00e9ritable hospitalit\u00e9. Nous recherchons des coll\u00e8gues engag\u00e9s qui aiment enthousiasmer les clients et grandir avec nous. <\/p>\n<p>Qu&rsquo;il s&rsquo;agisse d&rsquo;un emploi fixe, d&rsquo;un stage ou d&rsquo;une formation, les personnes qui changent d&rsquo;orientation professionnelle sont \u00e9galement les bienvenues !<\/p>\n<p>Si aucune offre d&#8217;emploi ne correspond \u00e0 votre profil, n&rsquo;h\u00e9sitez pas \u00e0 nous envoyer votre candidature spontan\u00e9e.<\/p>\n<\/div><\/div><\/div><\/div><\/div><div class=\"fusion-fullwidth fullwidth-box fusion-builder-row-2 fusion-flex-container has-pattern-background has-mask-background nonhundred-percent-fullwidth non-hundred-percent-height-scrolling\" style=\"--awb-border-radius-top-left:0px;--awb-border-radius-top-right:0px;--awb-border-radius-bottom-right:0px;--awb-border-radius-bottom-left:0px;--awb-padding-top:60px;--awb-padding-bottom:40px;--awb-background-color:var(--awb-custom_color_1);--awb-flex-wrap:wrap;\" ><div class=\"fusion-builder-row fusion-row fusion-flex-align-items-flex-start fusion-flex-justify-content-center fusion-flex-content-wrap\" style=\"max-width:1216.8px;margin-left: calc(-4% \/ 2 );margin-right: calc(-4% \/ 2 );\"><div class=\"fusion-layout-column fusion_builder_column fusion-builder-column-1 fusion_builder_column_4_5 4_5 fusion-flex-column\" style=\"--awb-bg-size:cover;--awb-width-large:80%;--awb-margin-top-large:0px;--awb-spacing-right-large:2.4%;--awb-margin-bottom-large:20px;--awb-spacing-left-large:2.4%;--awb-width-medium:100%;--awb-order-medium:0;--awb-spacing-right-medium:1.92%;--awb-spacing-left-medium:1.92%;--awb-width-small:100%;--awb-order-small:0;--awb-spacing-right-small:1.92%;--awb-spacing-left-small:1.92%;\"><div class=\"fusion-column-wrapper fusion-column-has-shadow fusion-flex-justify-content-flex-start fusion-content-layout-column\"><div class=\"fusion-text fusion-text-2\"><p style=\"text-align: left;\"><b>C&rsquo;est ce que vous pouvez attendre de nous :<\/b><\/p>\n<\/div><ul style=\"--awb-margin-bottom:30px;--awb-line-height:35.7px;--awb-icon-width:35.7px;--awb-icon-height:35.7px;--awb-icon-margin:14.7px;--awb-content-margin:50.4px;\" class=\"fusion-checklist fusion-checklist-1 fusion-checklist-default type-icons\"><li class=\"fusion-li-item\" style=\"\"><span class=\"icon-wrapper circle-no\"><i class=\"fusion-li-icon awb-icon-check\" aria-hidden=\"true\"><\/i><\/span><div class=\"fusion-li-item-content\">Une \u00e9quipe valorisante et motiv\u00e9e<\/div><\/li><li class=\"fusion-li-item\" style=\"\"><span class=\"icon-wrapper circle-no\"><i class=\"fusion-li-icon awb-icon-check\" aria-hidden=\"true\"><\/i><\/span><div class=\"fusion-li-item-content\">Espace pour le d\u00e9veloppement personnel et la formation continue<\/div><\/li><li class=\"fusion-li-item\" style=\"\"><span class=\"icon-wrapper circle-no\"><i class=\"fusion-li-icon awb-icon-check\" aria-hidden=\"true\"><\/i><\/span><div class=\"fusion-li-item-content\">Conciliation de la vie professionnelle et de la vie priv\u00e9e<\/div><\/li><li class=\"fusion-li-item\" style=\"\"><span class=\"icon-wrapper circle-no\"><i class=\"fusion-li-icon awb-icon-check\" aria-hidden=\"true\"><\/i><\/span><div class=\"fusion-li-item-content\">Un environnement de travail o\u00f9 il fait bon venir travailler<\/div><\/li><li class=\"fusion-li-item\" style=\"\"><span class=\"icon-wrapper circle-no\"><i class=\"fusion-li-icon awb-icon-check\" aria-hidden=\"true\"><\/i><\/span><div class=\"fusion-li-item-content\">Sant\u00e9, bien-\u00eatre et soutien pour chaque membre de l&rsquo;\u00e9quipe<\/div><\/li><\/ul><div class=\"fusion-title title fusion-title-2 fusion-title-text fusion-title-size-three\" style=\"--awb-margin-top-small:0px;--awb-margin-right-small:0px;--awb-margin-bottom-small:20px;--awb-margin-left-small:0px;\"><div class=\"title-sep-container title-sep-container-left fusion-no-large-visibility fusion-no-medium-visibility fusion-no-small-visibility\"><div class=\"title-sep sep- sep-solid\" style=\"border-color:var(--awb-color3);\"><\/div><\/div><span class=\"awb-title-spacer fusion-no-large-visibility fusion-no-medium-visibility fusion-no-small-visibility\"><\/span><h3 class=\"fusion-title-heading title-heading-left fusion-responsive-typography-calculated\" style=\"margin:0;--fontSize:26;line-height:1.2;\">Envie de faire partie de notre \u00e9quipe ?<br \/>Alors, n&rsquo;h\u00e9sitez pas \u00e0 nous envoyer votre candidature !<\/h3><span class=\"awb-title-spacer\"><\/span><div class=\"title-sep-container title-sep-container-right\"><div class=\"title-sep sep- sep-solid\" style=\"border-color:var(--awb-color3);\"><\/div><\/div><\/div><div class=\"fusion-text fusion-text-3\" style=\"--awb-content-alignment:left;--awb-font-size:21px;\"><p style=\"text-align: left;\">Veuillez envoyer votre dossier de candidature \u00e0 :<\/p>\n<div style=\"text-align: left;\"><span style=\"background-color: rgba(0, 0, 0, 0);\">Yousuf Siddiqi<\/span><\/div>\n<div style=\"text-align: left;\"><a style=\"background-color: rgba(0, 0, 0, 0);\" href=\"mailto:direktion@adria-muenchen.de\"><span style=\"background-color: rgba(0, 0, 0, 0);\">direktion@adria-muenchen.de<\/span><\/a><\/div>\n<\/div><\/div><\/div><\/div><\/div><\/p>\n","protected":false},"excerpt":{"rendered":"","protected":false},"author":1,"featured_media":8559,"parent":0,"menu_order":0,"comment_status":"open","ping_status":"closed","template":"100-width.php","meta":{"footnotes":""},"class_list":["post-8558","page","type-page","status-publish","has-post-thumbnail","hentry"],"yoast_head":"<!-- This site is optimized with the Yoast SEO plugin v27.1.1 - https:\/\/yoast.com\/product\/yoast-seo-wordpress\/ -->\n<title>Carri\u00e8re - Hotel ADRIA M\u00fcnchen<\/title>\n<meta name=\"robots\" content=\"index, follow, max-snippet:-1, max-image-preview:large, max-video-preview:-1\" \/>\n<link rel=\"canonical\" href=\"https:\/\/adria-muenchen.de\/fr\/carriere\/\" \/>\n<meta property=\"og:locale\" content=\"fr_FR\" \/>\n<meta property=\"og:type\" content=\"article\" \/>\n<meta property=\"og:title\" content=\"Carri\u00e8re - Hotel ADRIA M\u00fcnchen\" \/>\n<meta property=\"og:url\" content=\"https:\/\/adria-muenchen.de\/fr\/carriere\/\" \/>\n<meta property=\"og:site_name\" content=\"Hotel ADRIA M\u00fcnchen\" \/>\n<meta property=\"article:modified_time\" content=\"2026-02-19T14:28:22+00:00\" \/>\n<meta property=\"og:image\" content=\"https:\/\/adria-muenchen.de\/wp-content\/uploads\/2025\/12\/karriere-1.jpg\" \/>\n\t<meta property=\"og:image:width\" content=\"1920\" \/>\n\t<meta property=\"og:image:height\" content=\"590\" \/>\n\t<meta property=\"og:image:type\" content=\"image\/jpeg\" \/>\n<meta name=\"twitter:card\" content=\"summary_large_image\" \/>\n<meta name=\"twitter:label1\" content=\"Dur\u00e9e de lecture estim\u00e9e\" \/>\n\t<meta name=\"twitter:data1\" content=\"8 minutes\" \/>\n<script type=\"application\/ld+json\" class=\"yoast-schema-graph\">{\"@context\":\"https:\/\/schema.org\",\"@graph\":[{\"@type\":\"WebPage\",\"@id\":\"https:\/\/adria-muenchen.de\/fr\/carriere\/\",\"url\":\"https:\/\/adria-muenchen.de\/fr\/carriere\/\",\"name\":\"Carri\u00e8re - Hotel ADRIA M\u00fcnchen\",\"isPartOf\":{\"@id\":\"https:\/\/adria-muenchen.de\/#website\"},\"primaryImageOfPage\":{\"@id\":\"https:\/\/adria-muenchen.de\/fr\/carriere\/#primaryimage\"},\"image\":{\"@id\":\"https:\/\/adria-muenchen.de\/fr\/carriere\/#primaryimage\"},\"thumbnailUrl\":\"https:\/\/adria-muenchen.de\/wp-content\/uploads\/2025\/12\/karriere-1.jpg\",\"datePublished\":\"2025-12-08T10:19:19+00:00\",\"dateModified\":\"2026-02-19T14:28:22+00:00\",\"breadcrumb\":{\"@id\":\"https:\/\/adria-muenchen.de\/fr\/carriere\/#breadcrumb\"},\"inLanguage\":\"fr-FR\",\"potentialAction\":[{\"@type\":\"ReadAction\",\"target\":[\"https:\/\/adria-muenchen.de\/fr\/carriere\/\"]}]},{\"@type\":\"ImageObject\",\"inLanguage\":\"fr-FR\",\"@id\":\"https:\/\/adria-muenchen.de\/fr\/carriere\/#primaryimage\",\"url\":\"https:\/\/adria-muenchen.de\/wp-content\/uploads\/2025\/12\/karriere-1.jpg\",\"contentUrl\":\"https:\/\/adria-muenchen.de\/wp-content\/uploads\/2025\/12\/karriere-1.jpg\",\"width\":1920,\"height\":590},{\"@type\":\"BreadcrumbList\",\"@id\":\"https:\/\/adria-muenchen.de\/fr\/carriere\/#breadcrumb\",\"itemListElement\":[{\"@type\":\"ListItem\",\"position\":1,\"name\":\"Start\",\"item\":\"https:\/\/adria-muenchen.de\/fr\/lancement\/\"},{\"@type\":\"ListItem\",\"position\":2,\"name\":\"Carri\u00e8re\"}]},{\"@type\":\"WebSite\",\"@id\":\"https:\/\/adria-muenchen.de\/#website\",\"url\":\"https:\/\/adria-muenchen.de\/\",\"name\":\"Hotel ADRIA M\u00fcnchen\",\"description\":\"\",\"publisher\":{\"@id\":\"https:\/\/adria-muenchen.de\/#organization\"},\"potentialAction\":[{\"@type\":\"SearchAction\",\"target\":{\"@type\":\"EntryPoint\",\"urlTemplate\":\"https:\/\/adria-muenchen.de\/?s={search_term_string}\"},\"query-input\":{\"@type\":\"PropertyValueSpecification\",\"valueRequired\":true,\"valueName\":\"search_term_string\"}}],\"inLanguage\":\"fr-FR\"},{\"@type\":\"Organization\",\"@id\":\"https:\/\/adria-muenchen.de\/#organization\",\"name\":\"Hotel ADRIA M\u00fcnchen\",\"url\":\"https:\/\/adria-muenchen.de\/\",\"logo\":{\"@type\":\"ImageObject\",\"inLanguage\":\"fr-FR\",\"@id\":\"https:\/\/adria-muenchen.de\/#\/schema\/logo\/image\/\",\"url\":\"https:\/\/adria-muenchen.de\/wp-content\/uploads\/2025\/09\/basic_logo_white250.png\",\"contentUrl\":\"https:\/\/adria-muenchen.de\/wp-content\/uploads\/2025\/09\/basic_logo_white250.png\",\"width\":250,\"height\":137,\"caption\":\"Hotel ADRIA M\u00fcnchen\"},\"image\":{\"@id\":\"https:\/\/adria-muenchen.de\/#\/schema\/logo\/image\/\"}}]}<\/script>\n<!-- \/ Yoast SEO plugin. -->","yoast_head_json":{"title":"Carri\u00e8re - Hotel ADRIA M\u00fcnchen","robots":{"index":"index","follow":"follow","max-snippet":"max-snippet:-1","max-image-preview":"max-image-preview:large","max-video-preview":"max-video-preview:-1"},"canonical":"https:\/\/adria-muenchen.de\/fr\/carriere\/","og_locale":"fr_FR","og_type":"article","og_title":"Carri\u00e8re - Hotel ADRIA M\u00fcnchen","og_url":"https:\/\/adria-muenchen.de\/fr\/carriere\/","og_site_name":"Hotel ADRIA M\u00fcnchen","article_modified_time":"2026-02-19T14:28:22+00:00","og_image":[{"width":1920,"height":590,"url":"https:\/\/adria-muenchen.de\/wp-content\/uploads\/2025\/12\/karriere-1.jpg","type":"image\/jpeg"}],"twitter_card":"summary_large_image","twitter_misc":{"Dur\u00e9e de lecture estim\u00e9e":"8 minutes"},"schema":{"@context":"https:\/\/schema.org","@graph":[{"@type":"WebPage","@id":"https:\/\/adria-muenchen.de\/fr\/carriere\/","url":"https:\/\/adria-muenchen.de\/fr\/carriere\/","name":"Carri\u00e8re - Hotel ADRIA M\u00fcnchen","isPartOf":{"@id":"https:\/\/adria-muenchen.de\/#website"},"primaryImageOfPage":{"@id":"https:\/\/adria-muenchen.de\/fr\/carriere\/#primaryimage"},"image":{"@id":"https:\/\/adria-muenchen.de\/fr\/carriere\/#primaryimage"},"thumbnailUrl":"https:\/\/adria-muenchen.de\/wp-content\/uploads\/2025\/12\/karriere-1.jpg","datePublished":"2025-12-08T10:19:19+00:00","dateModified":"2026-02-19T14:28:22+00:00","breadcrumb":{"@id":"https:\/\/adria-muenchen.de\/fr\/carriere\/#breadcrumb"},"inLanguage":"fr-FR","potentialAction":[{"@type":"ReadAction","target":["https:\/\/adria-muenchen.de\/fr\/carriere\/"]}]},{"@type":"ImageObject","inLanguage":"fr-FR","@id":"https:\/\/adria-muenchen.de\/fr\/carriere\/#primaryimage","url":"https:\/\/adria-muenchen.de\/wp-content\/uploads\/2025\/12\/karriere-1.jpg","contentUrl":"https:\/\/adria-muenchen.de\/wp-content\/uploads\/2025\/12\/karriere-1.jpg","width":1920,"height":590},{"@type":"BreadcrumbList","@id":"https:\/\/adria-muenchen.de\/fr\/carriere\/#breadcrumb","itemListElement":[{"@type":"ListItem","position":1,"name":"Start","item":"https:\/\/adria-muenchen.de\/fr\/lancement\/"},{"@type":"ListItem","position":2,"name":"Carri\u00e8re"}]},{"@type":"WebSite","@id":"https:\/\/adria-muenchen.de\/#website","url":"https:\/\/adria-muenchen.de\/","name":"Hotel ADRIA M\u00fcnchen","description":"","publisher":{"@id":"https:\/\/adria-muenchen.de\/#organization"},"potentialAction":[{"@type":"SearchAction","target":{"@type":"EntryPoint","urlTemplate":"https:\/\/adria-muenchen.de\/?s={search_term_string}"},"query-input":{"@type":"PropertyValueSpecification","valueRequired":true,"valueName":"search_term_string"}}],"inLanguage":"fr-FR"},{"@type":"Organization","@id":"https:\/\/adria-muenchen.de\/#organization","name":"Hotel ADRIA M\u00fcnchen","url":"https:\/\/adria-muenchen.de\/","logo":{"@type":"ImageObject","inLanguage":"fr-FR","@id":"https:\/\/adria-muenchen.de\/#\/schema\/logo\/image\/","url":"https:\/\/adria-muenchen.de\/wp-content\/uploads\/2025\/09\/basic_logo_white250.png","contentUrl":"https:\/\/adria-muenchen.de\/wp-content\/uploads\/2025\/09\/basic_logo_white250.png","width":250,"height":137,"caption":"Hotel ADRIA M\u00fcnchen"},"image":{"@id":"https:\/\/adria-muenchen.de\/#\/schema\/logo\/image\/"}}]}},"_links":{"self":[{"href":"https:\/\/adria-muenchen.de\/fr\/wp-json\/wp\/v2\/pages\/8558","targetHints":{"allow":["GET"]}}],"collection":[{"href":"https:\/\/adria-muenchen.de\/fr\/wp-json\/wp\/v2\/pages"}],"about":[{"href":"https:\/\/adria-muenchen.de\/fr\/wp-json\/wp\/v2\/types\/page"}],"author":[{"embeddable":true,"href":"https:\/\/adria-muenchen.de\/fr\/wp-json\/wp\/v2\/users\/1"}],"replies":[{"embeddable":true,"href":"https:\/\/adria-muenchen.de\/fr\/wp-json\/wp\/v2\/comments?post=8558"}],"version-history":[{"count":7,"href":"https:\/\/adria-muenchen.de\/fr\/wp-json\/wp\/v2\/pages\/8558\/revisions"}],"predecessor-version":[{"id":9029,"href":"https:\/\/adria-muenchen.de\/fr\/wp-json\/wp\/v2\/pages\/8558\/revisions\/9029"}],"wp:featuredmedia":[{"embeddable":true,"href":"https:\/\/adria-muenchen.de\/fr\/wp-json\/wp\/v2\/media\/8559"}],"wp:attachment":[{"href":"https:\/\/adria-muenchen.de\/fr\/wp-json\/wp\/v2\/media?parent=8558"}],"curies":[{"name":"wp","href":"https:\/\/api.w.org\/{rel}","templated":true}]}}